{"id":131,"date":"2022-11-29T19:21:15","date_gmt":"2022-11-29T19:21:15","guid":{"rendered":"http:\/\/ozdegirmenci.net\/?page_id=131"},"modified":"2022-11-29T19:21:15","modified_gmt":"2022-11-29T19:21:15","slug":"hizmet-alim-formu","status":"publish","type":"page","link":"http:\/\/ozdegirmenci.net\/index.php\/hizmet-alim-formu\/","title":{"rendered":"Hizmet Al\u0131m Formu"},"content":{"rendered":"<div class=\"wpforms-container wpforms-container-full\" id=\"wpforms-121\"><form id=\"wpforms-form-121\" class=\"wpforms-validate wpforms-form wpforms-ajax-form\" data-formid=\"121\" method=\"post\" enctype=\"multipart\/form-data\" action=\"\/index.php\/wp-json\/wp\/v2\/pages\/131\" data-token=\"9a34e12919abc6f09f8c86cbf1d2c8a0\"><noscript class=\"wpforms-error-noscript\">Please enable JavaScript in your browser to complete this form.<\/noscript><div class=\"wpforms-field-container\"><div id=\"wpforms-121-field_0-container\" class=\"wpforms-field wpforms-field-name\" data-field-id=\"0\"><label class=\"wpforms-field-label\" for=\"wpforms-121-field_0\">Ad\u0131n\u0131z - Soyad\u0131n\u0131z <span class=\"wpforms-required-label\">*<\/span><\/label><input type=\"text\" id=\"wpforms-121-field_0\" class=\"wpforms-field-large wpforms-field-required\" name=\"wpforms[fields][0]\" required><\/div><div id=\"wpforms-121-field_1-container\" class=\"wpforms-field wpforms-field-email\" data-field-id=\"1\"><label class=\"wpforms-field-label\" for=\"wpforms-121-field_1\">E-Mail Adresiniz <span class=\"wpforms-required-label\">*<\/span><\/label><input type=\"email\" id=\"wpforms-121-field_1\" class=\"wpforms-field-large wpforms-field-required\" name=\"wpforms[fields][1]\" required><div class=\"wpforms-field-description\">L\u00fctfen ge\u00e7erli ve kulland\u0131\u011f\u0131n\u0131z bir mail adresi giriniz.<\/div><\/div><div id=\"wpforms-121-field_8-container\" class=\"wpforms-field wpforms-field-number\" data-field-id=\"8\"><label class=\"wpforms-field-label\" for=\"wpforms-121-field_8\">Size Ula\u015fabilece\u011fimiz telefon numaras\u0131 <span class=\"wpforms-required-label\">*<\/span><\/label><input type=\"number\" pattern=\"\\d*\" id=\"wpforms-121-field_8\" class=\"wpforms-field-medium wpforms-field-required\" name=\"wpforms[fields][8]\" required><\/div><div id=\"wpforms-121-field_6-container\" class=\"wpforms-field wpforms-field-checkbox wpforms-list-3-columns\" data-field-id=\"6\"><label class=\"wpforms-field-label\" for=\"wpforms-121-field_6\">Hangi hizmetlerimizden yararlanmak istiyorsunuz? <span class=\"wpforms-required-label\">*<\/span><\/label><ul id=\"wpforms-121-field_6\" class=\"wpforms-field-required\"><li class=\"choice-1 depth-1\"><input type=\"checkbox\" id=\"wpforms-121-field_6_1\" name=\"wpforms[fields][6][]\" value=\"Web Tasar\u0131m\" required ><label class=\"wpforms-field-label-inline\" for=\"wpforms-121-field_6_1\">Web Tasar\u0131m<\/label><\/li><li class=\"choice-2 depth-1\"><input type=\"checkbox\" id=\"wpforms-121-field_6_2\" name=\"wpforms[fields][6][]\" value=\"E-Ticaret\" required ><label class=\"wpforms-field-label-inline\" for=\"wpforms-121-field_6_2\">E-Ticaret<\/label><\/li><li class=\"choice-3 depth-1\"><input type=\"checkbox\" id=\"wpforms-121-field_6_3\" name=\"wpforms[fields][6][]\" value=\"Sosyal Medya \u0130\u00e7erik \u00dcretimi ve Dan\u0131\u015fmanl\u0131k\" required ><label class=\"wpforms-field-label-inline\" for=\"wpforms-121-field_6_3\">Sosyal Medya \u0130\u00e7erik \u00dcretimi ve Dan\u0131\u015fmanl\u0131k<\/label><\/li><li class=\"choice-4 depth-1\"><input type=\"checkbox\" id=\"wpforms-121-field_6_4\" name=\"wpforms[fields][6][]\" value=\"Drone \u00c7ekimi\" required ><label class=\"wpforms-field-label-inline\" for=\"wpforms-121-field_6_4\">Drone \u00c7ekimi<\/label><\/li><li class=\"choice-5 depth-1\"><input type=\"checkbox\" id=\"wpforms-121-field_6_5\" name=\"wpforms[fields][6][]\" value=\"Tan\u0131t\u0131m Videosu\" required ><label class=\"wpforms-field-label-inline\" for=\"wpforms-121-field_6_5\">Tan\u0131t\u0131m Videosu<\/label><\/li><li class=\"choice-6 depth-1\"><input type=\"checkbox\" id=\"wpforms-121-field_6_6\" name=\"wpforms[fields][6][]\" value=\"M\u00fczik \u00dcretim\" required ><label class=\"wpforms-field-label-inline\" for=\"wpforms-121-field_6_6\">M\u00fczik \u00dcretim<\/label><\/li><\/ul><\/div><div id=\"wpforms-121-field_5-container\" class=\"wpforms-field wpforms-field-radio\" data-field-id=\"5\"><label class=\"wpforms-field-label\" for=\"wpforms-121-field_5\">Bu i\u015f\/ler i\u00e7in ay\u0131rd\u0131\u011f\u0131n\u0131z s\u00fcre nedir? <span class=\"wpforms-required-label\">*<\/span><\/label><ul id=\"wpforms-121-field_5\" class=\"wpforms-field-required\"><li class=\"choice-1 depth-1\"><input type=\"radio\" id=\"wpforms-121-field_5_1\" name=\"wpforms[fields][5]\" value=\"\u00c7ok acil\" required ><label class=\"wpforms-field-label-inline\" for=\"wpforms-121-field_5_1\">\u00c7ok acil<\/label><\/li><li class=\"choice-2 depth-1\"><input type=\"radio\" id=\"wpforms-121-field_5_2\" name=\"wpforms[fields][5]\" value=\"Bir Hafta\" required ><label class=\"wpforms-field-label-inline\" for=\"wpforms-121-field_5_2\">Bir Hafta<\/label><\/li><li class=\"choice-4 depth-1\"><input type=\"radio\" id=\"wpforms-121-field_5_4\" name=\"wpforms[fields][5]\" value=\"Birka\u00e7 Hafta\" required ><label class=\"wpforms-field-label-inline\" for=\"wpforms-121-field_5_4\">Birka\u00e7 Hafta<\/label><\/li><li class=\"choice-5 depth-1\"><input type=\"radio\" id=\"wpforms-121-field_5_5\" name=\"wpforms[fields][5]\" value=\"Bir ay\" required ><label class=\"wpforms-field-label-inline\" for=\"wpforms-121-field_5_5\">Bir ay<\/label><\/li><li class=\"choice-6 depth-1\"><input type=\"radio\" id=\"wpforms-121-field_5_6\" name=\"wpforms[fields][5]\" value=\"S\u00fcre \u00d6nemli de\u011fil\" required ><label class=\"wpforms-field-label-inline\" for=\"wpforms-121-field_5_6\">S\u00fcre \u00d6nemli de\u011fil<\/label><\/li><\/ul><\/div><div id=\"wpforms-121-field_2-container\" class=\"wpforms-field wpforms-field-textarea\" data-field-id=\"2\"><label class=\"wpforms-field-label\" for=\"wpforms-121-field_2\">\u00d6zel Mesaj\u0131n\u0131z\u0131 \u0130letiniz:<\/label><textarea id=\"wpforms-121-field_2\" class=\"wpforms-field-medium\" name=\"wpforms[fields][2]\" ><\/textarea><\/div><\/div><div class=\"wpforms-submit-container\"><input type=\"hidden\" name=\"wpforms[id]\" value=\"121\"><input type=\"hidden\" name=\"wpforms[author]\" value=\"1\"><button type=\"submit\" name=\"wpforms[submit]\" id=\"wpforms-submit-121\" class=\"wpforms-submit\" data-alt-text=\"G\u00f6nderildi...\" data-submit-text=\"G\u00f6nder\" aria-live=\"assertive\" value=\"wpforms-submit\">G\u00f6nder<\/button><img src=\"http:\/\/ozdegirmenci.net\/wp-content\/plugins\/wpforms-lite\/assets\/images\/submit-spin.svg\" class=\"wpforms-submit-spinner\" style=\"display: none;\" width=\"26\" height=\"26\" alt=\"Loading\"><\/div><\/form><\/div>  <!-- .wpforms-container -->","protected":false},"excerpt":{"rendered":"","protected":false},"author":1,"featured_media":0,"parent":0,"menu_order":0,"comment_status":"closed","ping_status":"closed","template":"","meta":[],"yoast_head":"<!-- This site is optimized with the Yoast SEO Premium plugin v18.4 (Yoast SEO v19.11) - https:\/\/yoast.com\/wordpress\/plugins\/seo\/ -->\n<title>Hizmet Al\u0131m Formu - ozdegirmenci.net<\/title>\n<meta name=\"robots\" content=\"index, follow, max-snippet:-1, max-image-preview:large, max-video-preview:-1\" \/>\n<link rel=\"canonical\" href=\"http:\/\/ozdegirmenci.net\/index.php\/hizmet-alim-formu\/\" \/>\n<meta property=\"og:locale\" content=\"tr_TR\" \/>\n<meta property=\"og:type\" content=\"article\" \/>\n<meta property=\"og:title\" content=\"Hizmet Al\u0131m Formu\" \/>\n<meta property=\"og:url\" content=\"http:\/\/ozdegirmenci.net\/index.php\/hizmet-alim-formu\/\" \/>\n<meta property=\"og:site_name\" content=\"ozdegirmenci.net\" \/>\n<meta name=\"twitter:card\" content=\"summary_large_image\" \/>\n<script type=\"application\/ld+json\" class=\"yoast-schema-graph\">{\"@context\":\"https:\/\/schema.org\",\"@graph\":[{\"@type\":\"WebPage\",\"@id\":\"http:\/\/ozdegirmenci.net\/index.php\/hizmet-alim-formu\/\",\"url\":\"http:\/\/ozdegirmenci.net\/index.php\/hizmet-alim-formu\/\",\"name\":\"Hizmet Al\u0131m Formu - ozdegirmenci.net\",\"isPartOf\":{\"@id\":\"https:\/\/ozdegirmenci.net\/#website\"},\"datePublished\":\"2022-11-29T19:21:15+00:00\",\"dateModified\":\"2022-11-29T19:21:15+00:00\",\"breadcrumb\":{\"@id\":\"http:\/\/ozdegirmenci.net\/index.php\/hizmet-alim-formu\/#breadcrumb\"},\"inLanguage\":\"tr\",\"potentialAction\":[{\"@type\":\"ReadAction\",\"target\":[\"http:\/\/ozdegirmenci.net\/index.php\/hizmet-alim-formu\/\"]}]},{\"@type\":\"BreadcrumbList\",\"@id\":\"http:\/\/ozdegirmenci.net\/index.php\/hizmet-alim-formu\/#breadcrumb\",\"itemListElement\":[{\"@type\":\"ListItem\",\"position\":1,\"name\":\"Anasayfa\",\"item\":\"https:\/\/ozdegirmenci.net\/\"},{\"@type\":\"ListItem\",\"position\":2,\"name\":\"Hizmet Al\u0131m Formu\"}]},{\"@type\":\"WebSite\",\"@id\":\"https:\/\/ozdegirmenci.net\/#website\",\"url\":\"https:\/\/ozdegirmenci.net\/\",\"name\":\"ozdegirmenci.net\",\"description\":\"Web-Bili\u015fim\",\"publisher\":{\"@id\":\"https:\/\/ozdegirmenci.net\/#organization\"},\"potentialAction\":[{\"@type\":\"SearchAction\",\"target\":{\"@type\":\"EntryPoint\",\"urlTemplate\":\"https:\/\/ozdegirmenci.net\/?s={search_term_string}\"},\"query-input\":\"required name=search_term_string\"}],\"inLanguage\":\"tr\"},{\"@type\":\"Organization\",\"@id\":\"https:\/\/ozdegirmenci.net\/#organization\",\"name\":\"ozdegirmenci.net\",\"url\":\"https:\/\/ozdegirmenci.net\/\",\"logo\":{\"@type\":\"ImageObject\",\"inLanguage\":\"tr\",\"@id\":\"https:\/\/ozdegirmenci.net\/#\/schema\/logo\/image\/\",\"url\":\"http:\/\/ozdegirmenci.net\/wp-content\/uploads\/2022\/11\/cropped-ozde_trans.png\",\"contentUrl\":\"http:\/\/ozdegirmenci.net\/wp-content\/uploads\/2022\/11\/cropped-ozde_trans.png\",\"width\":891,\"height\":238,\"caption\":\"ozdegirmenci.net\"},\"image\":{\"@id\":\"https:\/\/ozdegirmenci.net\/#\/schema\/logo\/image\/\"}}]}<\/script>\n<!-- \/ Yoast SEO Premium plugin. -->","yoast_head_json":{"title":"Hizmet Al\u0131m Formu - ozdegirmenci.net","robots":{"index":"index","follow":"follow","max-snippet":"max-snippet:-1","max-image-preview":"max-image-preview:large","max-video-preview":"max-video-preview:-1"},"canonical":"http:\/\/ozdegirmenci.net\/index.php\/hizmet-alim-formu\/","og_locale":"tr_TR","og_type":"article","og_title":"Hizmet Al\u0131m Formu","og_url":"http:\/\/ozdegirmenci.net\/index.php\/hizmet-alim-formu\/","og_site_name":"ozdegirmenci.net","twitter_card":"summary_large_image","schema":{"@context":"https:\/\/schema.org","@graph":[{"@type":"WebPage","@id":"http:\/\/ozdegirmenci.net\/index.php\/hizmet-alim-formu\/","url":"http:\/\/ozdegirmenci.net\/index.php\/hizmet-alim-formu\/","name":"Hizmet Al\u0131m Formu - ozdegirmenci.net","isPartOf":{"@id":"https:\/\/ozdegirmenci.net\/#website"},"datePublished":"2022-11-29T19:21:15+00:00","dateModified":"2022-11-29T19:21:15+00:00","breadcrumb":{"@id":"http:\/\/ozdegirmenci.net\/index.php\/hizmet-alim-formu\/#breadcrumb"},"inLanguage":"tr","potentialAction":[{"@type":"ReadAction","target":["http:\/\/ozdegirmenci.net\/index.php\/hizmet-alim-formu\/"]}]},{"@type":"BreadcrumbList","@id":"http:\/\/ozdegirmenci.net\/index.php\/hizmet-alim-formu\/#breadcrumb","itemListElement":[{"@type":"ListItem","position":1,"name":"Anasayfa","item":"https:\/\/ozdegirmenci.net\/"},{"@type":"ListItem","position":2,"name":"Hizmet Al\u0131m Formu"}]},{"@type":"WebSite","@id":"https:\/\/ozdegirmenci.net\/#website","url":"https:\/\/ozdegirmenci.net\/","name":"ozdegirmenci.net","description":"Web-Bili\u015fim","publisher":{"@id":"https:\/\/ozdegirmenci.net\/#organization"},"potentialAction":[{"@type":"SearchAction","target":{"@type":"EntryPoint","urlTemplate":"https:\/\/ozdegirmenci.net\/?s={search_term_string}"},"query-input":"required name=search_term_string"}],"inLanguage":"tr"},{"@type":"Organization","@id":"https:\/\/ozdegirmenci.net\/#organization","name":"ozdegirmenci.net","url":"https:\/\/ozdegirmenci.net\/","logo":{"@type":"ImageObject","inLanguage":"tr","@id":"https:\/\/ozdegirmenci.net\/#\/schema\/logo\/image\/","url":"http:\/\/ozdegirmenci.net\/wp-content\/uploads\/2022\/11\/cropped-ozde_trans.png","contentUrl":"http:\/\/ozdegirmenci.net\/wp-content\/uploads\/2022\/11\/cropped-ozde_trans.png","width":891,"height":238,"caption":"ozdegirmenci.net"},"image":{"@id":"https:\/\/ozdegirmenci.net\/#\/schema\/logo\/image\/"}}]}},"_links":{"self":[{"href":"http:\/\/ozdegirmenci.net\/index.php\/wp-json\/wp\/v2\/pages\/131"}],"collection":[{"href":"http:\/\/ozdegirmenci.net\/index.php\/wp-json\/wp\/v2\/pages"}],"about":[{"href":"http:\/\/ozdegirmenci.net\/index.php\/wp-json\/wp\/v2\/types\/page"}],"author":[{"embeddable":true,"href":"http:\/\/ozdegirmenci.net\/index.php\/wp-json\/wp\/v2\/users\/1"}],"replies":[{"embeddable":true,"href":"http:\/\/ozdegirmenci.net\/index.php\/wp-json\/wp\/v2\/comments?post=131"}],"version-history":[{"count":1,"href":"http:\/\/ozdegirmenci.net\/index.php\/wp-json\/wp\/v2\/pages\/131\/revisions"}],"predecessor-version":[{"id":132,"href":"http:\/\/ozdegirmenci.net\/index.php\/wp-json\/wp\/v2\/pages\/131\/revisions\/132"}],"wp:attachment":[{"href":"http:\/\/ozdegirmenci.net\/index.php\/wp-json\/wp\/v2\/media?parent=131"}],"curies":[{"name":"wp","href":"https:\/\/api.w.org\/{rel}","templated":true}]}}